{"id":13,"date":"2013-03-10T17:57:01","date_gmt":"2013-03-10T17:57:01","guid":{"rendered":"http:\/\/www.migguelanggelo.com\/?page_id=13"},"modified":"2018-07-18T19:52:13","modified_gmt":"2018-07-18T19:52:13","slug":"signup","status":"publish","type":"page","link":"https:\/\/www.migguelanggelo.com\/es\/signup\/","title":{"rendered":"Suscr\u00edbete"},"content":{"rendered":"<p>Suscr\u00edbete a la lista de correos de migguelanggelo.com y estar\u00e1s al d\u00eda con todas las \u00faltimas noticias de Migguel y sus proyectos. Para no perderte nuestro bolet\u00edn, por favor agrega lists@migguelanggelo.com a tu directorio.<\/p>\n<p>Todos los campos deben ser completados para suscribirte a la lista de correos.<\/p>","protected":false},"excerpt":{"rendered":"<p>Suscr\u00edbete a la lista de correos de migguelanggelo.com y estar\u00e1s al d\u00eda con todas las \u00faltimas noticias de Migguel y sus proyectos. Para no perderte nuestro bolet\u00edn, por favor agrega lists@migguelanggelo.com a tu directorio. Todos los campos deben ser completados para suscribirte a la lista de correos.<\/p>\n","protected":false},"author":1,"featured_media":0,"parent":0,"menu_order":0,"comment_status":"open","ping_status":"open","template":"","meta":{"footnotes":""},"class_list":["post-13","page","type-page","status-publish","hentry"],"_links":{"self":[{"href":"https:\/\/www.migguelanggelo.com\/es\/wp-json\/wp\/v2\/pages\/13","targetHints":{"allow":["GET"]}}],"collection":[{"href":"https:\/\/www.migguelanggelo.com\/es\/wp-json\/wp\/v2\/pages"}],"about":[{"href":"https:\/\/www.migguelanggelo.com\/es\/wp-json\/wp\/v2\/types\/page"}],"author":[{"embeddable":true,"href":"https:\/\/www.migguelanggelo.com\/es\/wp-json\/wp\/v2\/users\/1"}],"replies":[{"embeddable":true,"href":"https:\/\/www.migguelanggelo.com\/es\/wp-json\/wp\/v2\/comments?post=13"}],"version-history":[{"count":9,"href":"https:\/\/www.migguelanggelo.com\/es\/wp-json\/wp\/v2\/pages\/13\/revisions"}],"predecessor-version":[{"id":857,"href":"https:\/\/www.migguelanggelo.com\/es\/wp-json\/wp\/v2\/pages\/13\/revisions\/857"}],"wp:attachment":[{"href":"https:\/\/www.migguelanggelo.com\/es\/wp-json\/wp\/v2\/media?parent=13"}],"curies":[{"name":"wp","href":"https:\/\/api.w.org\/{rel}","templated":true}]}}