{"id":6,"date":"2013-03-10T17:55:55","date_gmt":"2013-03-10T17:55:55","guid":{"rendered":"http:\/\/www.migguelanggelo.com\/?page_id=6"},"modified":"2024-09-08T21:53:14","modified_gmt":"2024-09-08T21:53:14","slug":"bio","status":"publish","type":"page","link":"https:\/\/www.migguelanggelo.com\/es\/bio\/","title":{"rendered":"acerca de"},"content":{"rendered":"<p>Migguel Anggelo est\u00e1 rompiendo barreras en el escenario estadounidense, creando trabajos \u00fanicos que reflejan la demograf\u00eda multicultural, multiling\u00fce y cambiante de nuestro pa\u00eds y nuestros tiempos. El artista nacido en Venezuela y nacido en Brooklyn comenz\u00f3 su carrera a los 13 a\u00f1os como Pinocho en una producci\u00f3n sudamericana de gira del musical de Broadway. Entren\u00f3 durante una docena de a\u00f1os en ballet cl\u00e1sico, estudi\u00f3 voz en el Conservatorio de M\u00fasica de Colonia, Alemania, ha escrito m\u00fasica a lo largo de todos sus viajes como inmigrante en varios pa\u00edses y ha publicado dos \u00e1lbumes, el m\u00e1s reciente es <em>La Casa Azul<\/em>.<\/p>\n<p>Adem\u00e1s de actuar en muchos de los mejores escenarios del mundo, incluido el Teatro Teresa Carre\u00f1o en Caracas; Teatro Insurgentes en la Ciudad de M\u00e9xico; Teatro Lola Membrives y Teatro Gran Rex en Buenos Aires; y The New World Center en Miami, Florida &#8211; Migguel se presenta regularmente en Joe\u00b4s Pub en The Public Theatre en la ciudad de Nueva York, donde recientemente se le otorg\u00f3 una residencia como parte del Grupo de Trabajo de Pubs de Joe en 2019 Su creaci\u00f3n m\u00e1s reciente se estren\u00f3 este enero: <em>LatinXoxo: An Unrequited Serenata<\/em>, una exploraci\u00f3n musical del amor y los estereotipos latinos vistos a trav\u00e9s de una lente queer. Los shows anteriores creados para Joe&#8217;s Pub fueron <em>So Close: Love &amp; Hate, otro hijo de Venezuela y yo, Inmigrante<\/em>, que desarroll\u00f3 junto con el ganador del premio Obie David Drake.<\/p>\n<p>Anggelo y Drake han sido galardonados con una residencia en Joe&#8217;s Pub en The Kimmel Center en Filadelfia, donde desarrollaron <em>otro hijo de Venezuela<\/em>, as\u00ed como una residencia en BRIClab en BRIC (Brooklyn, NY) para desarrollar una nueva obra de teatro musical llamada <em>The Suitcase Project<\/em>. Explorando temas de inmigraci\u00f3n y asimilaci\u00f3n en los Estados Unidos de hoy a trav\u00e9s de m\u00fasica original, personajes y narraciones teatrales.<\/p>\n<p>Anggelo y Drake est\u00e1n desarrollando <em>Welcome to La Misa, Baby<\/em>, una nueva obra, inspirada en el rodaje en el Pulse Nightclub en Orlando que se present\u00f3 en <em>el Festival Fearless<\/em> de The Clemente Soto, as\u00ed como en el Festival de 4 estrellas de Solo en el Teatro Provincetown, este pasado. Junio. Migguel tambi\u00e9n acaba de regresar de su segunda gira de 10 ciudades por Rusia como un agregado cultural bajo los auspicios del Departamento de Estado de los EE. UU., Realizando una combinaci\u00f3n del Great American Songbook y sus contrapartes latinoamericanas con Grace McLean de Broadway. En <em>The Songbooks of the Americas<\/em>, Anggelo y McLean estuvieron acompa\u00f1ados por las orquestas de c\u00e1mara m\u00e1s importantes de Rusia, tocando en salas de conciertos importantes y salas de cabaret en todo el pa\u00eds.<\/p>","protected":false},"excerpt":{"rendered":"<p>Migguel Anggelo est\u00e1 rompiendo barreras en el escenario estadounidense, creando trabajos \u00fanicos que reflejan la demograf\u00eda multicultural, multiling\u00fce y cambiante de nuestro pa\u00eds y nuestros tiempos. El artista nacido en Venezuela y nacido en Brooklyn comenz\u00f3 su carrera a los 13 a\u00f1os como Pinocho en una producci\u00f3n sudamericana de gira del musical de Broadway. Entren\u00f3 [&hellip;]<\/p>\n","protected":false},"author":1,"featured_media":0,"parent":0,"menu_order":0,"comment_status":"open","ping_status":"open","template":"","meta":{"footnotes":""},"class_list":["post-6","page","type-page","status-publish","hentry"],"_links":{"self":[{"href":"https:\/\/www.migguelanggelo.com\/es\/wp-json\/wp\/v2\/pages\/6","targetHints":{"allow":["GET"]}}],"collection":[{"href":"https:\/\/www.migguelanggelo.com\/es\/wp-json\/wp\/v2\/pages"}],"about":[{"href":"https:\/\/www.migguelanggelo.com\/es\/wp-json\/wp\/v2\/types\/page"}],"author":[{"embeddable":true,"href":"https:\/\/www.migguelanggelo.com\/es\/wp-json\/wp\/v2\/users\/1"}],"replies":[{"embeddable":true,"href":"https:\/\/www.migguelanggelo.com\/es\/wp-json\/wp\/v2\/comments?post=6"}],"version-history":[{"count":42,"href":"https:\/\/www.migguelanggelo.com\/es\/wp-json\/wp\/v2\/pages\/6\/revisions"}],"predecessor-version":[{"id":1654,"href":"https:\/\/www.migguelanggelo.com\/es\/wp-json\/wp\/v2\/pages\/6\/revisions\/1654"}],"wp:attachment":[{"href":"https:\/\/www.migguelanggelo.com\/es\/wp-json\/wp\/v2\/media?parent=6"}],"curies":[{"name":"wp","href":"https:\/\/api.w.org\/{rel}","templated":true}]}}